{"id":10,"date":"2013-02-05T11:37:41","date_gmt":"2013-02-05T09:37:41","guid":{"rendered":"http:\/\/docsites.cgmlife.com\/medistar\/?page_id=10"},"modified":"2016-03-16T17:46:59","modified_gmt":"2016-03-16T15:46:59","slug":"onas","status":"publish","type":"page","link":"https:\/\/docsites.cgmlife.com\/haskova\/onas\/","title":{"rendered":"O n\u00e1s"},"content":{"rendered":"<p>Zde m\u016f\u017eete p\u0159idat informace &#8222;O n\u00e1s&#8220;.<\/p>\n<p><b>Copyright:<\/b><\/p>\n<table cellspacing=\"0\" cellpadding=\"0\">\n<tbody>\n<tr>\n<td>Copyright Bilder:<\/td>\n<td>\u00a0 iStockPhoto<\/td>\n<\/tr>\n<\/tbody>\n<\/table>\n","protected":false},"excerpt":{"rendered":"<p>Zde m\u016f\u017eete p\u0159idat informace &#8222;O n\u00e1s&#8220;. Copyright: Copyright Bilder: \u00a0 iStockPhoto<\/p>\n","protected":false},"author":633,"featured_media":0,"parent":0,"menu_order":1000,"comment_status":"closed","ping_status":"closed","template":"","meta":{"footnotes":""},"class_list":["post-10","page","type-page","status-publish","hentry"],"_links":{"self":[{"href":"https:\/\/docsites.cgmlife.com\/haskova\/wp-json\/wp\/v2\/pages\/10","targetHints":{"allow":["GET"]}}],"collection":[{"href":"https:\/\/docsites.cgmlife.com\/haskova\/wp-json\/wp\/v2\/pages"}],"about":[{"href":"https:\/\/docsites.cgmlife.com\/haskova\/wp-json\/wp\/v2\/types\/page"}],"author":[{"embeddable":true,"href":"https:\/\/docsites.cgmlife.com\/haskova\/wp-json\/wp\/v2\/users\/633"}],"replies":[{"embeddable":true,"href":"https:\/\/docsites.cgmlife.com\/haskova\/wp-json\/wp\/v2\/comments?post=10"}],"version-history":[{"count":1,"href":"https:\/\/docsites.cgmlife.com\/haskova\/wp-json\/wp\/v2\/pages\/10\/revisions"}],"predecessor-version":[{"id":124,"href":"https:\/\/docsites.cgmlife.com\/haskova\/wp-json\/wp\/v2\/pages\/10\/revisions\/124"}],"wp:attachment":[{"href":"https:\/\/docsites.cgmlife.com\/haskova\/wp-json\/wp\/v2\/media?parent=10"}],"curies":[{"name":"wp","href":"https:\/\/api.w.org\/{rel}","templated":true}]}}