{"id":6,"date":"2013-02-05T11:33:02","date_gmt":"2013-02-05T09:33:02","guid":{"rendered":"http:\/\/docsites.cgmlife.com\/medistar\/?page_id=6"},"modified":"2015-03-03T16:08:03","modified_gmt":"2015-03-03T14:08:03","slug":"ordinace","status":"publish","type":"page","link":"https:\/\/docsites.cgmlife.com\/hrabcova\/ordinace\/","title":{"rendered":"Ordinace"},"content":{"rendered":"<div id=\"id841\">\n<div id=\"id841\">\n<h1>Ordinace<\/h1>\n<\/div>\n<div id=\"id3413\">\n<div>\n<table border=\"0\">\n<tfoot>\n<tr>\n<td>p\u00e1tek<\/td>\n<td>07:00 &#8211; 11:30<\/td>\n<\/tr>\n<\/tfoot>\n<tbody>\n<tr>\n<td>pond\u011bl\u00ed<\/td>\n<td>07:00 &#8211; 15:00<\/td>\n<\/tr>\n<tr>\n<td>\u00fater\u00fd<\/td>\n<td>07:00 &#8211; 15:30<\/td>\n<\/tr>\n<tr>\n<td>st\u0159eda<\/td>\n<td>07:00 &#8211; 15:00<\/td>\n<\/tr>\n<tr>\n<td>\u010dtvrtek<\/td>\n<td>09:00 &#8211; 17:00<\/td>\n<\/tr>\n<\/tbody>\n<\/table>\n<\/div>\n<\/div>\n<p id=\"id3537\">\n<\/div>\n<p>Telefon: 572 579 957<\/p>\n","protected":false},"excerpt":{"rendered":"<p>Ordinace p\u00e1tek 07:00 &#8211; 11:30 pond\u011bl\u00ed 07:00 &#8211; 15:00 \u00fater\u00fd 07:00 &#8211; 15:30 st\u0159eda 07:00 &#8211; 15:00 \u010dtvrtek 09:00 &#8211; 17:00 Telefon: 572 579 957<\/p>\n","protected":false},"author":574,"featured_media":0,"parent":0,"menu_order":0,"comment_status":"closed","ping_status":"closed","template":"","meta":{"footnotes":""},"class_list":["post-6","page","type-page","status-publish","hentry"],"_links":{"self":[{"href":"https:\/\/docsites.cgmlife.com\/hrabcova\/wp-json\/wp\/v2\/pages\/6","targetHints":{"allow":["GET"]}}],"collection":[{"href":"https:\/\/docsites.cgmlife.com\/hrabcova\/wp-json\/wp\/v2\/pages"}],"about":[{"href":"https:\/\/docsites.cgmlife.com\/hrabcova\/wp-json\/wp\/v2\/types\/page"}],"author":[{"embeddable":true,"href":"https:\/\/docsites.cgmlife.com\/hrabcova\/wp-json\/wp\/v2\/users\/574"}],"replies":[{"embeddable":true,"href":"https:\/\/docsites.cgmlife.com\/hrabcova\/wp-json\/wp\/v2\/comments?post=6"}],"version-history":[{"count":3,"href":"https:\/\/docsites.cgmlife.com\/hrabcova\/wp-json\/wp\/v2\/pages\/6\/revisions"}],"predecessor-version":[{"id":126,"href":"https:\/\/docsites.cgmlife.com\/hrabcova\/wp-json\/wp\/v2\/pages\/6\/revisions\/126"}],"wp:attachment":[{"href":"https:\/\/docsites.cgmlife.com\/hrabcova\/wp-json\/wp\/v2\/media?parent=6"}],"curies":[{"name":"wp","href":"https:\/\/api.w.org\/{rel}","templated":true}]}}