{"id":10,"date":"2013-02-05T11:37:41","date_gmt":"2013-02-05T09:37:41","guid":{"rendered":"http:\/\/docsites.cgmlife.com\/medistar\/?page_id=10"},"modified":"2023-11-14T15:08:33","modified_gmt":"2023-11-14T13:08:33","slug":"onas","status":"publish","type":"page","link":"https:\/\/docsites.cgmlife.com\/maskova\/onas\/","title":{"rendered":"O n\u00e1s"},"content":{"rendered":"\n<h1 class=\"wp-block-heading\">Person\u00e1ln\u00ed obsazen\u00ed<\/h1>\n\n\n\n<p>MUDr. Rita Ma\u0161kov\u00e1 l\u00e9ka\u0159ka<br>Alena Samuelov\u00e1 zdravotn\u00ed sestra<\/p>\n\n\n\n<figure class=\"wp-block-gallery has-nested-images columns-default is-cropped wp-block-gallery-1 is-layout-flex wp-block-gallery-is-layout-flex\">\n<figure class=\"wp-block-image size-large\"><a href=\"https:\/\/docsites.cgmlife.com\/maskova\/wp-content\/uploads\/sites\/587\/2013\/02\/DSC_0894.jpg\"><img loading=\"lazy\" decoding=\"async\" width=\"1024\" height=\"680\" data-id=\"164\" src=\"https:\/\/docsites.cgmlife.com\/maskova\/wp-content\/uploads\/sites\/587\/2013\/02\/DSC_0894-1024x680.jpg\" alt=\"\" class=\"wp-image-164\" srcset=\"https:\/\/docsites.cgmlife.com\/maskova\/wp-content\/uploads\/sites\/587\/2013\/02\/DSC_0894-1024x680.jpg 1024w, https:\/\/docsites.cgmlife.com\/maskova\/wp-content\/uploads\/sites\/587\/2013\/02\/DSC_0894-300x199.jpg 300w\" sizes=\"auto, (max-width: 1024px) 100vw, 1024px\" \/><\/a><\/figure>\n\n\n\n<figure class=\"wp-block-image size-large\"><a href=\"https:\/\/docsites.cgmlife.com\/maskova\/wp-content\/uploads\/sites\/587\/2013\/02\/IMG_2899.jpg\"><img loading=\"lazy\" decoding=\"async\" width=\"768\" height=\"1024\" data-id=\"157\" src=\"https:\/\/docsites.cgmlife.com\/maskova\/wp-content\/uploads\/sites\/587\/2013\/02\/IMG_2899-768x1024.jpg\" alt=\"\" class=\"wp-image-157\" srcset=\"https:\/\/docsites.cgmlife.com\/maskova\/wp-content\/uploads\/sites\/587\/2013\/02\/IMG_2899-768x1024.jpg 768w, https:\/\/docsites.cgmlife.com\/maskova\/wp-content\/uploads\/sites\/587\/2013\/02\/IMG_2899-225x300.jpg 225w\" sizes=\"auto, (max-width: 768px) 100vw, 768px\" \/><\/a><\/figure>\n\n\n\n<figure class=\"wp-block-image size-large\"><a href=\"https:\/\/docsites.cgmlife.com\/maskova\/wp-content\/uploads\/sites\/587\/2013\/02\/IMG_2898.jpg\"><img loading=\"lazy\" decoding=\"async\" width=\"768\" height=\"1024\" data-id=\"156\" src=\"https:\/\/docsites.cgmlife.com\/maskova\/wp-content\/uploads\/sites\/587\/2013\/02\/IMG_2898-768x1024.jpg\" alt=\"\" class=\"wp-image-156\" srcset=\"https:\/\/docsites.cgmlife.com\/maskova\/wp-content\/uploads\/sites\/587\/2013\/02\/IMG_2898-768x1024.jpg 768w, https:\/\/docsites.cgmlife.com\/maskova\/wp-content\/uploads\/sites\/587\/2013\/02\/IMG_2898-225x300.jpg 225w\" sizes=\"auto, (max-width: 768px) 100vw, 768px\" \/><\/a><\/figure>\n\n\n\n<figure class=\"wp-block-image size-large\"><a href=\"https:\/\/docsites.cgmlife.com\/maskova\/wp-content\/uploads\/sites\/587\/2013\/02\/IMG_2894.jpg\"><img loading=\"lazy\" decoding=\"async\" width=\"768\" height=\"1024\" data-id=\"155\" src=\"https:\/\/docsites.cgmlife.com\/maskova\/wp-content\/uploads\/sites\/587\/2013\/02\/IMG_2894-768x1024.jpg\" alt=\"\" class=\"wp-image-155\" srcset=\"https:\/\/docsites.cgmlife.com\/maskova\/wp-content\/uploads\/sites\/587\/2013\/02\/IMG_2894-768x1024.jpg 768w, https:\/\/docsites.cgmlife.com\/maskova\/wp-content\/uploads\/sites\/587\/2013\/02\/IMG_2894-225x300.jpg 225w\" sizes=\"auto, (max-width: 768px) 100vw, 768px\" \/><\/a><\/figure>\n\n\n\n<figure class=\"wp-block-image size-large\"><a href=\"https:\/\/docsites.cgmlife.com\/maskova\/wp-content\/uploads\/sites\/587\/2013\/02\/IMG_2891.jpg\"><img loading=\"lazy\" decoding=\"async\" width=\"1024\" height=\"768\" data-id=\"154\" src=\"https:\/\/docsites.cgmlife.com\/maskova\/wp-content\/uploads\/sites\/587\/2013\/02\/IMG_2891-1024x768.jpg\" alt=\"\" class=\"wp-image-154\" srcset=\"https:\/\/docsites.cgmlife.com\/maskova\/wp-content\/uploads\/sites\/587\/2013\/02\/IMG_2891-1024x768.jpg 1024w, https:\/\/docsites.cgmlife.com\/maskova\/wp-content\/uploads\/sites\/587\/2013\/02\/IMG_2891-300x225.jpg 300w\" sizes=\"auto, (max-width: 1024px) 100vw, 1024px\" \/><\/a><\/figure>\n\n\n\n<figure class=\"wp-block-image size-large\"><a href=\"https:\/\/docsites.cgmlife.com\/maskova\/wp-content\/uploads\/sites\/587\/2013\/02\/IMG_2883.jpg\"><img loading=\"lazy\" decoding=\"async\" width=\"768\" height=\"1024\" data-id=\"153\" src=\"https:\/\/docsites.cgmlife.com\/maskova\/wp-content\/uploads\/sites\/587\/2013\/02\/IMG_2883-768x1024.jpg\" alt=\"\" class=\"wp-image-153\" srcset=\"https:\/\/docsites.cgmlife.com\/maskova\/wp-content\/uploads\/sites\/587\/2013\/02\/IMG_2883-768x1024.jpg 768w, https:\/\/docsites.cgmlife.com\/maskova\/wp-content\/uploads\/sites\/587\/2013\/02\/IMG_2883-225x300.jpg 225w\" sizes=\"auto, (max-width: 768px) 100vw, 768px\" \/><\/a><\/figure>\n\n\n\n<figure class=\"wp-block-image size-large\"><a href=\"https:\/\/docsites.cgmlife.com\/maskova\/wp-content\/uploads\/sites\/587\/2013\/02\/IMG_2878.jpg\"><img loading=\"lazy\" decoding=\"async\" width=\"768\" height=\"1024\" data-id=\"152\" src=\"https:\/\/docsites.cgmlife.com\/maskova\/wp-content\/uploads\/sites\/587\/2013\/02\/IMG_2878-768x1024.jpg\" alt=\"\" class=\"wp-image-152\" srcset=\"https:\/\/docsites.cgmlife.com\/maskova\/wp-content\/uploads\/sites\/587\/2013\/02\/IMG_2878-768x1024.jpg 768w, https:\/\/docsites.cgmlife.com\/maskova\/wp-content\/uploads\/sites\/587\/2013\/02\/IMG_2878-225x300.jpg 225w\" sizes=\"auto, (max-width: 768px) 100vw, 768px\" \/><\/a><\/figure>\n\n\n\n<figure class=\"wp-block-image size-large\"><a href=\"https:\/\/docsites.cgmlife.com\/maskova\/wp-content\/uploads\/sites\/587\/2013\/02\/IMG_2858.jpg\"><img loading=\"lazy\" decoding=\"async\" width=\"768\" height=\"1024\" data-id=\"151\" src=\"https:\/\/docsites.cgmlife.com\/maskova\/wp-content\/uploads\/sites\/587\/2013\/02\/IMG_2858-768x1024.jpg\" alt=\"\" class=\"wp-image-151\" srcset=\"https:\/\/docsites.cgmlife.com\/maskova\/wp-content\/uploads\/sites\/587\/2013\/02\/IMG_2858-768x1024.jpg 768w, https:\/\/docsites.cgmlife.com\/maskova\/wp-content\/uploads\/sites\/587\/2013\/02\/IMG_2858-225x300.jpg 225w\" sizes=\"auto, (max-width: 768px) 100vw, 768px\" \/><\/a><\/figure>\n<\/figure>\n","protected":false},"excerpt":{"rendered":"<p>Person\u00e1ln\u00ed obsazen\u00ed MUDr. Rita Ma\u0161kov\u00e1 l\u00e9ka\u0159kaAlena Samuelov\u00e1 zdravotn\u00ed sestra<\/p>\n","protected":false},"author":637,"featured_media":0,"parent":0,"menu_order":1000,"comment_status":"closed","ping_status":"closed","template":"","meta":{"footnotes":""},"class_list":["post-10","page","type-page","status-publish","hentry"],"_links":{"self":[{"href":"https:\/\/docsites.cgmlife.com\/maskova\/wp-json\/wp\/v2\/pages\/10","targetHints":{"allow":["GET"]}}],"collection":[{"href":"https:\/\/docsites.cgmlife.com\/maskova\/wp-json\/wp\/v2\/pages"}],"about":[{"href":"https:\/\/docsites.cgmlife.com\/maskova\/wp-json\/wp\/v2\/types\/page"}],"author":[{"embeddable":true,"href":"https:\/\/docsites.cgmlife.com\/maskova\/wp-json\/wp\/v2\/users\/637"}],"replies":[{"embeddable":true,"href":"https:\/\/docsites.cgmlife.com\/maskova\/wp-json\/wp\/v2\/comments?post=10"}],"version-history":[{"count":8,"href":"https:\/\/docsites.cgmlife.com\/maskova\/wp-json\/wp\/v2\/pages\/10\/revisions"}],"predecessor-version":[{"id":166,"href":"https:\/\/docsites.cgmlife.com\/maskova\/wp-json\/wp\/v2\/pages\/10\/revisions\/166"}],"wp:attachment":[{"href":"https:\/\/docsites.cgmlife.com\/maskova\/wp-json\/wp\/v2\/media?parent=10"}],"curies":[{"name":"wp","href":"https:\/\/api.w.org\/{rel}","templated":true}]}}