{"id":10,"date":"2013-02-05T11:37:41","date_gmt":"2013-02-05T09:37:41","guid":{"rendered":"http:\/\/docsites.cgmlife.com\/medistar\/?page_id=10"},"modified":"2023-03-17T11:20:47","modified_gmt":"2023-03-17T09:20:47","slug":"onas","status":"publish","type":"page","link":"https:\/\/docsites.cgmlife.com\/mudrrehak\/onas\/","title":{"rendered":"O n\u00e1s"},"content":{"rendered":"<p><a href=\"https:\/\/drrehak.webnode.cz\/o-nas\/\" data-wplink-edit=\"true\">O n\u00e1s l\u00e9ka\u0159\u00edch<\/a><\/p>\n","protected":false},"excerpt":{"rendered":"<p>O n\u00e1s l\u00e9ka\u0159\u00edch<\/p>\n","protected":false},"author":514,"featured_media":0,"parent":0,"menu_order":1000,"comment_status":"closed","ping_status":"closed","template":"","meta":{"footnotes":""},"class_list":["post-10","page","type-page","status-publish","hentry"],"_links":{"self":[{"href":"https:\/\/docsites.cgmlife.com\/mudrrehak\/wp-json\/wp\/v2\/pages\/10","targetHints":{"allow":["GET"]}}],"collection":[{"href":"https:\/\/docsites.cgmlife.com\/mudrrehak\/wp-json\/wp\/v2\/pages"}],"about":[{"href":"https:\/\/docsites.cgmlife.com\/mudrrehak\/wp-json\/wp\/v2\/types\/page"}],"author":[{"embeddable":true,"href":"https:\/\/docsites.cgmlife.com\/mudrrehak\/wp-json\/wp\/v2\/users\/514"}],"replies":[{"embeddable":true,"href":"https:\/\/docsites.cgmlife.com\/mudrrehak\/wp-json\/wp\/v2\/comments?post=10"}],"version-history":[{"count":5,"href":"https:\/\/docsites.cgmlife.com\/mudrrehak\/wp-json\/wp\/v2\/pages\/10\/revisions"}],"predecessor-version":[{"id":171,"href":"https:\/\/docsites.cgmlife.com\/mudrrehak\/wp-json\/wp\/v2\/pages\/10\/revisions\/171"}],"wp:attachment":[{"href":"https:\/\/docsites.cgmlife.com\/mudrrehak\/wp-json\/wp\/v2\/media?parent=10"}],"curies":[{"name":"wp","href":"https:\/\/api.w.org\/{rel}","templated":true}]}}