{"id":6,"date":"2013-02-05T11:33:02","date_gmt":"2013-02-05T09:33:02","guid":{"rendered":"http:\/\/docsites.cgmlife.com\/medistar\/?page_id=6"},"modified":"2023-09-12T11:00:54","modified_gmt":"2023-09-12T09:00:54","slug":"ordinace","status":"publish","type":"page","link":"https:\/\/docsites.cgmlife.com\/mudrrehak\/ordinace\/","title":{"rendered":"Ordinace"},"content":{"rendered":"\n<h1 class=\"wp-block-heading\">Ordinace<\/h1>\n\n\n\n<h2 class=\"wp-block-heading\">konzulta\u010dn\u00ed hodiny<\/h2>\n\n\n\n<figure class=\"wp-block-table\"><table><tbody><tr><td>pond\u011bl\u00ed<\/td><td>7:30 &#8211; 13:00<\/td><\/tr><tr><td>\u00fater\u00fd<\/td><td>13:00 &#8211; 18:00<\/td><\/tr><tr><td>s\u0159eda<\/td><td>7:30 &#8211; 13:00<\/td><\/tr><tr><td>\u010dtvrtek<\/td><td>7:30 &#8211; 12:00, 13:00 &#8211; 16:00<\/td><\/tr><tr><td>p\u00e1tek<\/td><td>7:30 &#8211; 13:00<\/td><\/tr><\/tbody><\/table><\/figure>\n\n\n\n<p>Telefon: 463351649<br>Email: <a href=\"mailto:postmaster@drrehak.cz\">postmaster@drrehak.cz<\/a><br>SMS komunikace s l\u00e9ka\u0159em (kr\u00e1tk\u00e1 potvrzen\u00ed): <strong>7311437<\/strong><\/p>\n\n\n\n<p>Pro p\u0159edpis l\u00e9k\u016f pros\u00edm rad\u011bji ps\u00e1t email, nebo vyu\u017eijte mo\u017enosti on-line komunikace s l\u00e9ka\u0159em p\u0159es slu\u017ebu eSERVICES (registrace na z\u00e1lo\u017ece v hlavn\u00edm menu)<\/p>\n","protected":false},"excerpt":{"rendered":"<p>Ordinace konzulta\u010dn\u00ed hodiny pond\u011bl\u00ed 7:30 &#8211; 13:00 \u00fater\u00fd 13:00 &#8211; 18:00 s\u0159eda 7:30 &#8211; 13:00 \u010dtvrtek 7:30 &#8211; 12:00, 13:00 &#8211; 16:00 p\u00e1tek 7:30 &#8211; 13:00 Telefon: 463351649Email: postmaster@drrehak.czSMS komunikace s l\u00e9ka\u0159em (kr\u00e1tk\u00e1 potvrzen\u00ed): 7311437 Pro p\u0159edpis l\u00e9k\u016f pros\u00edm rad\u011bji ps\u00e1t email, nebo vyu\u017eijte mo\u017enosti on-line komunikace s l\u00e9ka\u0159em p\u0159es slu\u017ebu eSERVICES (registrace na z\u00e1lo\u017ece [&hellip;]<\/p>\n","protected":false},"author":514,"featured_media":0,"parent":0,"menu_order":0,"comment_status":"closed","ping_status":"closed","template":"","meta":{"footnotes":""},"class_list":["post-6","page","type-page","status-publish","hentry"],"_links":{"self":[{"href":"https:\/\/docsites.cgmlife.com\/mudrrehak\/wp-json\/wp\/v2\/pages\/6","targetHints":{"allow":["GET"]}}],"collection":[{"href":"https:\/\/docsites.cgmlife.com\/mudrrehak\/wp-json\/wp\/v2\/pages"}],"about":[{"href":"https:\/\/docsites.cgmlife.com\/mudrrehak\/wp-json\/wp\/v2\/types\/page"}],"author":[{"embeddable":true,"href":"https:\/\/docsites.cgmlife.com\/mudrrehak\/wp-json\/wp\/v2\/users\/514"}],"replies":[{"embeddable":true,"href":"https:\/\/docsites.cgmlife.com\/mudrrehak\/wp-json\/wp\/v2\/comments?post=6"}],"version-history":[{"count":13,"href":"https:\/\/docsites.cgmlife.com\/mudrrehak\/wp-json\/wp\/v2\/pages\/6\/revisions"}],"predecessor-version":[{"id":176,"href":"https:\/\/docsites.cgmlife.com\/mudrrehak\/wp-json\/wp\/v2\/pages\/6\/revisions\/176"}],"wp:attachment":[{"href":"https:\/\/docsites.cgmlife.com\/mudrrehak\/wp-json\/wp\/v2\/media?parent=6"}],"curies":[{"name":"wp","href":"https:\/\/api.w.org\/{rel}","templated":true}]}}