{"id":10,"date":"2013-02-05T11:37:41","date_gmt":"2013-02-05T09:37:41","guid":{"rendered":"http:\/\/docsites.cgmlife.com\/medistar\/?page_id=10"},"modified":"2014-12-22T11:58:23","modified_gmt":"2014-12-22T09:58:23","slug":"onas","status":"publish","type":"page","link":"https:\/\/docsites.cgmlife.com\/neuromed\/onas\/","title":{"rendered":"Kontakty"},"content":{"rendered":"<h1>Kontakty<\/h1>\n<p><strong>Adresa: Rokycanova 2798, 530 02 Pardubice, 3. patro, \u010d. dve\u0159\u00ed 301<\/strong><\/p>\n<p><strong>Telefon: +420 466 310 311<\/strong><\/p>\n<p><strong>e-mail: <a href=\"mailto:neurologie@email.cz\">neurologie@email.cz<\/a><br \/>\n<\/strong><\/p>\n<p>&nbsp;<\/p>\n<p>[map id=&#8220;1&#8243;]<\/p>\n","protected":false},"excerpt":{"rendered":"<p>Kontakty Adresa: Rokycanova 2798, 530 02 Pardubice, 3. patro, \u010d. dve\u0159\u00ed 301 Telefon: +420 466 310 311 e-mail: neurologie@email.cz &nbsp; [map id=&#8220;1&#8243;]<\/p>\n","protected":false},"author":492,"featured_media":0,"parent":0,"menu_order":1000,"comment_status":"closed","ping_status":"closed","template":"","meta":{"footnotes":""},"class_list":["post-10","page","type-page","status-publish","hentry"],"_links":{"self":[{"href":"https:\/\/docsites.cgmlife.com\/neuromed\/wp-json\/wp\/v2\/pages\/10","targetHints":{"allow":["GET"]}}],"collection":[{"href":"https:\/\/docsites.cgmlife.com\/neuromed\/wp-json\/wp\/v2\/pages"}],"about":[{"href":"https:\/\/docsites.cgmlife.com\/neuromed\/wp-json\/wp\/v2\/types\/page"}],"author":[{"embeddable":true,"href":"https:\/\/docsites.cgmlife.com\/neuromed\/wp-json\/wp\/v2\/users\/492"}],"replies":[{"embeddable":true,"href":"https:\/\/docsites.cgmlife.com\/neuromed\/wp-json\/wp\/v2\/comments?post=10"}],"version-history":[{"count":23,"href":"https:\/\/docsites.cgmlife.com\/neuromed\/wp-json\/wp\/v2\/pages\/10\/revisions"}],"predecessor-version":[{"id":129,"href":"https:\/\/docsites.cgmlife.com\/neuromed\/wp-json\/wp\/v2\/pages\/10\/revisions\/129"}],"wp:attachment":[{"href":"https:\/\/docsites.cgmlife.com\/neuromed\/wp-json\/wp\/v2\/media?parent=10"}],"curies":[{"name":"wp","href":"https:\/\/api.w.org\/{rel}","templated":true}]}}