{"id":2,"date":"2013-02-05T09:30:54","date_gmt":"2013-02-05T07:30:54","guid":{"rendered":"http:\/\/docsites.cgmlife.com\/medistar\/?page_id=2"},"modified":"2014-12-22T11:59:59","modified_gmt":"2014-12-22T09:59:59","slug":"uvod","status":"publish","type":"page","link":"https:\/\/docsites.cgmlife.com\/neuromed\/","title":{"rendered":"\u00davod"},"content":{"rendered":"<div id=\"id242\">\n<div id=\"id242\">\n<h1>V\u00edtejte na str\u00e1nk\u00e1ch na\u0161\u00ed ordinace<\/h1>\n<\/div>\n<div><\/div>\n<div id=\"id1661\">\n<div>\n<p><strong>Objednat se k n\u00e1m\u00a0m\u016f\u017eete\u00a0telefonicky, e-mailem nebo osobn\u011b\u00a0&#8211; viz.\u00a0z\u00e1lo\u017eka &#8222;Kontakty&#8220;.<\/strong><\/p>\n<p><strong>Nezapome\u0148te\u00a0sebou vz\u00edt\u00a0karti\u010dku zdravotn\u00ed poji\u0161\u0165ovny, n\u00e1lezy v\u0161ech dosud proveden\u00fdch vy\u0161et\u0159en\u00ed, v\u010detn\u011b RTG, CT a MR sn\u00edmk\u016f nebo alespo\u0148 jejich popis\u016f\u00a0a seznam u\u017e\u00edvan\u00fdch l\u00e9k\u016f. A pokud m\u00e1te,\u00a0t\u00e9\u017e doporu\u010den\u00ed odes\u00edlaj\u00edc\u00edho l\u00e9ka\u0159e.<\/strong><\/p>\n<p>&nbsp;<\/p>\n<p>&nbsp;<\/p>\n<\/div>\n<\/div>\n<\/div>\n","protected":false},"excerpt":{"rendered":"<p>V\u00edtejte na str\u00e1nk\u00e1ch na\u0161\u00ed ordinace Objednat se k n\u00e1m\u00a0m\u016f\u017eete\u00a0telefonicky, e-mailem nebo osobn\u011b\u00a0&#8211; viz.\u00a0z\u00e1lo\u017eka &#8222;Kontakty&#8220;. Nezapome\u0148te\u00a0sebou vz\u00edt\u00a0karti\u010dku zdravotn\u00ed poji\u0161\u0165ovny, n\u00e1lezy v\u0161ech dosud proveden\u00fdch vy\u0161et\u0159en\u00ed, v\u010detn\u011b RTG, CT a MR sn\u00edmk\u016f nebo alespo\u0148 jejich popis\u016f\u00a0a seznam u\u017e\u00edvan\u00fdch l\u00e9k\u016f. A pokud m\u00e1te,\u00a0t\u00e9\u017e doporu\u010den\u00ed odes\u00edlaj\u00edc\u00edho l\u00e9ka\u0159e. &nbsp; &nbsp;<\/p>\n","protected":false},"author":492,"featured_media":0,"parent":0,"menu_order":-1,"comment_status":"closed","ping_status":"closed","template":"","meta":{"footnotes":""},"class_list":["post-2","page","type-page","status-publish","hentry"],"_links":{"self":[{"href":"https:\/\/docsites.cgmlife.com\/neuromed\/wp-json\/wp\/v2\/pages\/2","targetHints":{"allow":["GET"]}}],"collection":[{"href":"https:\/\/docsites.cgmlife.com\/neuromed\/wp-json\/wp\/v2\/pages"}],"about":[{"href":"https:\/\/docsites.cgmlife.com\/neuromed\/wp-json\/wp\/v2\/types\/page"}],"author":[{"embeddable":true,"href":"https:\/\/docsites.cgmlife.com\/neuromed\/wp-json\/wp\/v2\/users\/492"}],"replies":[{"embeddable":true,"href":"https:\/\/docsites.cgmlife.com\/neuromed\/wp-json\/wp\/v2\/comments?post=2"}],"version-history":[{"count":41,"href":"https:\/\/docsites.cgmlife.com\/neuromed\/wp-json\/wp\/v2\/pages\/2\/revisions"}],"predecessor-version":[{"id":152,"href":"https:\/\/docsites.cgmlife.com\/neuromed\/wp-json\/wp\/v2\/pages\/2\/revisions\/152"}],"wp:attachment":[{"href":"https:\/\/docsites.cgmlife.com\/neuromed\/wp-json\/wp\/v2\/media?parent=2"}],"curies":[{"name":"wp","href":"https:\/\/api.w.org\/{rel}","templated":true}]}}