{"id":223,"date":"2014-07-03T15:48:01","date_gmt":"2014-07-03T13:48:01","guid":{"rendered":"http:\/\/docsites.cgmlife.com\/neuromed\/?page_id=223"},"modified":"2014-08-23T14:17:49","modified_gmt":"2014-08-23T12:17:49","slug":"cenik","status":"publish","type":"page","link":"https:\/\/docsites.cgmlife.com\/neuromed\/cenik\/","title":{"rendered":"Cen\u00edk"},"content":{"rendered":"<h1><span style=\"background-color: #ffffff\">\u00a0\u00a0\u00a0\u00a0\u00a0\u00a0\u00a0\u00a0\u00a0\u00a0\u00a0\u00a0\u00a0\u00a0\u00a0\u00a0\u00a0\u00a0\u00a0\u00a0 Cen\u00edk v\u00fdkon\u016f nehrazen\u00fdch ze zdravotn\u00edho poji\u0161t\u011bn\u00ed<\/span><\/h1>\n<p align=\"center\"><strong>\u00a0<\/strong><\/p>\n<div align=\"center\">\n<table style=\"width: 734px;height: 274px\" border=\"1\" cellspacing=\"3\" cellpadding=\"0\">\n<tbody>\n<tr>\n<td width=\"635\"><span style=\"font-size: small\"><b><span style=\"font-family: Times New Roman\">Vy\u0161et\u0159en\u00ed a vystaven\u00ed posudku o zdravotn\u00ed zp\u016fsobilosti k dr\u017een\u00ed\u00a0 pr\u016fkazu podle zvl\u00e1\u0161tn\u00edch p\u0159edpis\u016f (zbrojn\u00ed pas, v\u016fdce plavidla aj.) \u2013 vy\u017eaduje-li ho praktick\u00fd l\u00e9ka\u0159<\/span><\/b><\/span><\/td>\n<td><span style=\"font-size: small\"><b><span style=\"font-family: Times New Roman\">350,- K\u010d<\/span><\/b><\/span><\/td>\n<\/tr>\n<tr>\n<td width=\"635\"><span style=\"font-size: small\"><b><span style=\"font-family: Times New Roman\">Vy\u0161et\u0159en\u00ed pro komer\u010dn\u00ed poji\u0161\u0165ovnu (ozn\u00e1men\u00ed o \u00farazu, trval\u00e9 n\u00e1sledky) \u2013 dle rozsahu<\/span><\/b><\/span><\/td>\n<td><span style=\"font-size: small\"><b><span style=\"font-family: Times New Roman\">300-600,- <\/span><\/b><b><span style=\"font-family: Times New Roman\">K\u010d<\/span><\/b><\/span><\/td>\n<\/tr>\n<tr>\n<td width=\"635\"><span style=\"font-size: small\"><b><span style=\"font-family: Times New Roman\">Neurologick\u00e9 vy\u0161et\u0159en\u00ed k \u017e\u00e1dosti o \u0159idi\u010dsk\u00fd pr\u016fkaz, v\u010detn\u011b jeho prodlou\u017een\u00ed po 60 letech v\u011bku (vy\u017eaduje-li ho praktick\u00fd l\u00e9ka\u0159)<\/span><\/b><\/span><\/td>\n<td><span style=\"font-size: small\"><b><span style=\"font-family: Times New Roman\">350,- K\u010d<\/span><\/b><\/span><\/td>\n<\/tr>\n<tr>\n<td width=\"635\"><span style=\"font-size: small\"><b><span style=\"font-family: Times New Roman\">Akupunktura 1 sezen\u00ed<\/span><\/b><\/span><\/td>\n<td><span style=\"font-size: small\"><b><span style=\"font-family: Times New Roman\">150,- K\u010d<\/span><\/b><\/span><\/td>\n<\/tr>\n<tr>\n<td width=\"635\"><span style=\"font-size: small\"><b><span style=\"font-family: Times New Roman\">Vy\u0161et\u0159en\u00ed a potvrzen\u00ed pro profesn\u00ed pr\u016fkazy (vy\u017eaduje-li ho praktick\u00fd l\u00e9ka\u0159)<\/span><\/b><\/span><\/td>\n<td><span style=\"font-size: small\"><b><span style=\"font-family: Times New Roman\">350,- K\u010d<\/span><\/b><\/span><\/td>\n<\/tr>\n<tr>\n<td width=\"635\"><span style=\"font-size: small\"><b><span style=\"font-family: Times New Roman\">L\u00e9ka\u0159sk\u00e1 zpr\u00e1va pro policii a soudy (nejedn\u00e1 se o znaleck\u00fd posudek)<\/span><\/b><\/span><\/td>\n<td><span style=\"font-size: small\"><b><span style=\"font-family: Times New Roman\">350,- K\u010d<\/span><\/b><\/span><\/td>\n<\/tr>\n<tr>\n<td width=\"635\"><span style=\"font-size: small\"><b><span style=\"font-family: Times New Roman\">Potvrzen\u00ed na \u017e\u00e1dost pacienta (nap\u0159. pro \u00fa\u0159ad pr\u00e1ce, magistr\u00e1t, obecn\u00ed \u00fa\u0159ady apod.), vystaven\u00ed duplik\u00e1tu dokladu p\u0159i jeho ztr\u00e1t\u011b \u2013 pouze administrativn\u00ed \u00fakon<\/span><\/b><\/span><\/td>\n<td><span style=\"font-size: small\"><b><span style=\"font-family: Times New Roman\">100,- K\u010d<\/span><\/b><\/span><\/td>\n<\/tr>\n<tr>\n<td width=\"635\"><span style=\"font-size: small\"><b><span style=\"font-family: Times New Roman\">P\u0159edopera\u010dn\u00ed neurologick\u00e9 vy\u0161et\u0159en\u00ed pro kosmetick\u00e9 a jin\u00e9 nehrazen\u00e9 v\u00fdkony (vy\u017eaduje-li ho praktick\u00fd l\u00e9ka\u0159)<\/span><\/b><\/span><\/td>\n<td><span style=\"font-size: small\"><b><span style=\"font-family: Times New Roman\">350,- K\u010d<\/span><\/b><\/span><\/td>\n<\/tr>\n<tr>\n<td width=\"635\"><span style=\"font-size: small\"><b><span style=\"font-family: Times New Roman\">Vy\u0161et\u0159en\u00ed p\u0159ed cestou do zahrani\u010d\u00ed (vy\u017eaduje-li ho praktick\u00fd l\u00e9ka\u0159)<\/span><\/b><\/span><\/td>\n<td><span style=\"font-size: small\"><b><span style=\"font-family: Times New Roman\">350,- K\u010d<\/span><\/b><\/span><\/td>\n<\/tr>\n<tr>\n<td width=\"635\"><span style=\"font-size: small\"><b><span style=\"font-family: Times New Roman\">L\u00e9ka\u0159sk\u00e1 zpr\u00e1va o v\u00fd\u0161i bolestn\u00e9ho <\/span><\/b><\/span><\/td>\n<td><span style=\"font-size: small\"><b><span style=\"font-family: Times New Roman\">250,- K\u010d<\/span><\/b><\/span><\/td>\n<\/tr>\n<tr>\n<td width=\"635\"><span style=\"font-size: small\"><b><span style=\"font-family: Times New Roman\"><b>Doplatky za infuze (ceny se m\u011bn\u00ed v z\u00e1vislosti na aktu\u00e1ln\u00ed v\u00fd\u0161i \u00fahrad l\u00e9k\u016f zdravotn\u00edmi poji\u0161\u0165ovnami)<\/b> <\/span><\/b><\/span><\/td>\n<td><span style=\"font-size: small\"><b><span style=\"font-family: Times New Roman\">\u00a0\u00a0 ???<\/span><\/b><\/span><\/td>\n<\/tr>\n<\/tbody>\n<\/table>\n<\/div>\n<p><span style=\"color: #000000;font-family: Times New Roman\">\u00a0\u00a0\u00a0\u00a0\u00a0\u00a0\u00a0\u00a0\u00a0\u00a0\u00a0\u00a0\u00a0\u00a0\u00a0\u00a0\u00a0\u00a0\u00a0\u00a0\u00a0\u00a0\u00a0\u00a0\u00a0\u00a0\u00a0\u00a0\u00a0\u00a0\u00a0\u00a0\u00a0\u00a0\u00a0<\/span><\/p>\n<p><span style=\"color: #000000;font-family: Times New Roman\">\u00a0\u00a0\u00a0\u00a0\u00a0\u00a0\u00a0\u00a0\u00a0\u00a0\u00a0\u00a0\u00a0\u00a0 <\/span><span style=\"background-color: #ffffff\"><span style=\"color: #006600\"><strong><span style=\"font-size: medium\"><span style=\"font-family: Arial,Helvetica,sans-serif\">Ve\u0161ker\u00e1 v\u00fd\u0161e\u00a0uveden\u00e1 vy\u0161et\u0159en\u00ed a \u00fakony prov\u00e1d\u00edme v\u00fdlu\u010dn\u011b po p\u0159edchoz\u00edm objedn\u00e1n\u00ed!<\/span><\/span><\/strong><\/span><span style=\"color: #003300\"><strong><span style=\"font-size: medium\"><span style=\"font-family: Times New Roman\"> \u00a0 \u00a0 \u00a0 \u00a0 \u00a0 \u00a0 \u00a0 \u00a0 \u00a0 \u00a0 \u00a0 \u00a0 \u00a0\u00a0<\/span><\/span><\/strong><\/span><span style=\"font-size: small\"><b><span style=\"font-family: Times New Roman\"><br \/>\n<\/span><\/b><\/span><\/span><\/p>\n","protected":false},"excerpt":{"rendered":"<p>\u00a0\u00a0\u00a0\u00a0\u00a0\u00a0\u00a0\u00a0\u00a0\u00a0\u00a0\u00a0\u00a0\u00a0\u00a0\u00a0\u00a0\u00a0\u00a0\u00a0 Cen\u00edk v\u00fdkon\u016f nehrazen\u00fdch ze zdravotn\u00edho poji\u0161t\u011bn\u00ed \u00a0 Vy\u0161et\u0159en\u00ed a vystaven\u00ed posudku o zdravotn\u00ed zp\u016fsobilosti k dr\u017een\u00ed\u00a0 pr\u016fkazu podle zvl\u00e1\u0161tn\u00edch p\u0159edpis\u016f (zbrojn\u00ed pas, v\u016fdce plavidla aj.) \u2013 vy\u017eaduje-li ho praktick\u00fd l\u00e9ka\u0159 350,- K\u010d Vy\u0161et\u0159en\u00ed pro komer\u010dn\u00ed poji\u0161\u0165ovnu (ozn\u00e1men\u00ed o \u00farazu, trval\u00e9 n\u00e1sledky) \u2013 dle rozsahu 300-600,- K\u010d Neurologick\u00e9 vy\u0161et\u0159en\u00ed k \u017e\u00e1dosti o \u0159idi\u010dsk\u00fd pr\u016fkaz, v\u010detn\u011b [&hellip;]<\/p>\n","protected":false},"author":393,"featured_media":0,"parent":0,"menu_order":500,"comment_status":"closed","ping_status":"closed","template":"","meta":{"footnotes":""},"class_list":["post-223","page","type-page","status-publish","hentry"],"_links":{"self":[{"href":"https:\/\/docsites.cgmlife.com\/neuromed\/wp-json\/wp\/v2\/pages\/223","targetHints":{"allow":["GET"]}}],"collection":[{"href":"https:\/\/docsites.cgmlife.com\/neuromed\/wp-json\/wp\/v2\/pages"}],"about":[{"href":"https:\/\/docsites.cgmlife.com\/neuromed\/wp-json\/wp\/v2\/types\/page"}],"author":[{"embeddable":true,"href":"https:\/\/docsites.cgmlife.com\/neuromed\/wp-json\/wp\/v2\/users\/393"}],"replies":[{"embeddable":true,"href":"https:\/\/docsites.cgmlife.com\/neuromed\/wp-json\/wp\/v2\/comments?post=223"}],"version-history":[{"count":33,"href":"https:\/\/docsites.cgmlife.com\/neuromed\/wp-json\/wp\/v2\/pages\/223\/revisions"}],"predecessor-version":[{"id":227,"href":"https:\/\/docsites.cgmlife.com\/neuromed\/wp-json\/wp\/v2\/pages\/223\/revisions\/227"}],"wp:attachment":[{"href":"https:\/\/docsites.cgmlife.com\/neuromed\/wp-json\/wp\/v2\/media?parent=223"}],"curies":[{"name":"wp","href":"https:\/\/api.w.org\/{rel}","templated":true}]}}