{"id":2,"date":"2013-02-05T09:30:54","date_gmt":"2013-02-05T07:30:54","guid":{"rendered":"http:\/\/docsites.cgmlife.com\/medistar\/?page_id=2"},"modified":"2020-04-01T17:42:13","modified_gmt":"2020-04-01T15:42:13","slug":"uvod","status":"publish","type":"page","link":"https:\/\/docsites.cgmlife.com\/nushart\/","title":{"rendered":"\u00davod"},"content":{"rendered":"<div id=\"id242\">\n<div id=\"id242\">\n<h1>V\u00edtejte na str\u00e1nk\u00e1ch na\u0161\u00ed ordinace.<\/h1>\n<\/div>\n<div><\/div>\n<div id=\"id1661\">\n<div><span style=\"font-size: large;\">Na na\u0161ich str\u00e1nk\u00e1ch naleznete informace o ordina\u010dn\u00ed dob\u011b a aktuality t\u00fdkaj\u00edc\u00ed se provozu na\u0161\u00ed ordinace.<\/span><\/div>\n<div><\/div>\n<div><span style=\"font-size: large;\">Str\u00e1nky V\u00e1m poskytuj\u00ed mo\u017enost vyu\u017eit\u00ed on-line slu\u017eeb CGM LIFE eSERVICES: <\/span><\/div>\n<div><span style=\"font-size: large;\">&#8211;<span style=\"text-decoration: underline;\">elektronick\u00e9 objedn\u00e1vky n\u00e1v\u0161t\u011bv<\/span><\/span><\/div>\n<div><span style=\"font-size: large;\">&#8211;<span style=\"text-decoration: underline;\">bezpe\u010dn\u00e1 on-line komunikace s l\u00e9ka\u0159em<\/span><\/span><\/div>\n<div><\/div>\n<\/div>\n<\/div>\n","protected":false},"excerpt":{"rendered":"<p>V\u00edtejte na str\u00e1nk\u00e1ch na\u0161\u00ed ordinace. Na na\u0161ich str\u00e1nk\u00e1ch naleznete informace o ordina\u010dn\u00ed dob\u011b a aktuality t\u00fdkaj\u00edc\u00ed se provozu na\u0161\u00ed ordinace. Str\u00e1nky V\u00e1m poskytuj\u00ed mo\u017enost vyu\u017eit\u00ed on-line slu\u017eeb CGM LIFE eSERVICES: &#8211;elektronick\u00e9 objedn\u00e1vky n\u00e1v\u0161t\u011bv &#8211;bezpe\u010dn\u00e1 on-line komunikace s l\u00e9ka\u0159em<\/p>\n","protected":false},"author":563,"featured_media":0,"parent":0,"menu_order":-1,"comment_status":"closed","ping_status":"closed","template":"","meta":{"footnotes":""},"class_list":["post-2","page","type-page","status-publish","hentry"],"_links":{"self":[{"href":"https:\/\/docsites.cgmlife.com\/nushart\/wp-json\/wp\/v2\/pages\/2","targetHints":{"allow":["GET"]}}],"collection":[{"href":"https:\/\/docsites.cgmlife.com\/nushart\/wp-json\/wp\/v2\/pages"}],"about":[{"href":"https:\/\/docsites.cgmlife.com\/nushart\/wp-json\/wp\/v2\/types\/page"}],"author":[{"embeddable":true,"href":"https:\/\/docsites.cgmlife.com\/nushart\/wp-json\/wp\/v2\/users\/563"}],"replies":[{"embeddable":true,"href":"https:\/\/docsites.cgmlife.com\/nushart\/wp-json\/wp\/v2\/comments?post=2"}],"version-history":[{"count":7,"href":"https:\/\/docsites.cgmlife.com\/nushart\/wp-json\/wp\/v2\/pages\/2\/revisions"}],"predecessor-version":[{"id":154,"href":"https:\/\/docsites.cgmlife.com\/nushart\/wp-json\/wp\/v2\/pages\/2\/revisions\/154"}],"wp:attachment":[{"href":"https:\/\/docsites.cgmlife.com\/nushart\/wp-json\/wp\/v2\/media?parent=2"}],"curies":[{"name":"wp","href":"https:\/\/api.w.org\/{rel}","templated":true}]}}