{"id":10,"date":"2013-02-05T11:37:41","date_gmt":"2013-02-05T09:37:41","guid":{"rendered":"http:\/\/docsites.cgmlife.com\/medistar\/?page_id=10"},"modified":"2023-05-26T16:15:18","modified_gmt":"2023-05-26T14:15:18","slug":"kontakt","status":"publish","type":"page","link":"https:\/\/docsites.cgmlife.com\/puvl\/kontakt\/","title":{"rendered":"Kontakt"},"content":{"rendered":"<p style=\"text-align: center;\"><b><span style=\"text-decoration: underline;\">Prvn\u00ed \u00davalsk\u00fd v\u0161eobecn\u00fd l\u00e9ka\u0159, s.r.o.<\/span><\/b><b><\/b><\/p>\n<p align=\"center\"><b>Pra\u017esk\u00e1 1144, 25082 \u00davaly<\/b><\/p>\n<p align=\"center\"><b>I\u010cO: 030 46\u00a0818<\/b><\/p>\n<p><b>\u00a0<\/b><\/p>\n<p align=\"center\"><b>MUDr. Irena T\u011b\u0161\u00edkov\u00e1 a MUDr. Petra Hrab\u00e1nkov\u00e1<\/b><\/p>\n<p align=\"center\"><b>Moravcov\u00e1 \u0160\u00e1rka &#8211; zdravotn\u00ed sestra<\/b><\/p>\n<p align=\"center\"><b>\u00a0<\/b><\/p>\n<p style=\"text-align: center;\"><b>TEL:\u00a0 281 982 250, 775 268 061 &#8211; jen l\u00e9ka\u0159sk\u00e9 konzultace v ordina\u010dn\u00ed dob\u011b<\/b><\/p>\n<p style=\"text-align: center;\"><a href=\"mailto:mudr.hrabankova@seznam.cz\">mudr.hrabankova@seznam.cz<\/a><\/p>\n","protected":false},"excerpt":{"rendered":"<p>Prvn\u00ed \u00davalsk\u00fd v\u0161eobecn\u00fd l\u00e9ka\u0159, s.r.o. Pra\u017esk\u00e1 1144, 25082 \u00davaly I\u010cO: 030 46\u00a0818 \u00a0 MUDr. Irena T\u011b\u0161\u00edkov\u00e1 a MUDr. Petra Hrab\u00e1nkov\u00e1 Moravcov\u00e1 \u0160\u00e1rka &#8211; zdravotn\u00ed sestra \u00a0 TEL:\u00a0 281 982 250, 775 268 061 &#8211; jen l\u00e9ka\u0159sk\u00e9 konzultace v ordina\u010dn\u00ed dob\u011b mudr.hrabankova@seznam.cz<\/p>\n","protected":false},"author":546,"featured_media":0,"parent":0,"menu_order":1000,"comment_status":"closed","ping_status":"closed","template":"","meta":{"footnotes":""},"class_list":["post-10","page","type-page","status-publish","hentry"],"_links":{"self":[{"href":"https:\/\/docsites.cgmlife.com\/puvl\/wp-json\/wp\/v2\/pages\/10","targetHints":{"allow":["GET"]}}],"collection":[{"href":"https:\/\/docsites.cgmlife.com\/puvl\/wp-json\/wp\/v2\/pages"}],"about":[{"href":"https:\/\/docsites.cgmlife.com\/puvl\/wp-json\/wp\/v2\/types\/page"}],"author":[{"embeddable":true,"href":"https:\/\/docsites.cgmlife.com\/puvl\/wp-json\/wp\/v2\/users\/546"}],"replies":[{"embeddable":true,"href":"https:\/\/docsites.cgmlife.com\/puvl\/wp-json\/wp\/v2\/comments?post=10"}],"version-history":[{"count":13,"href":"https:\/\/docsites.cgmlife.com\/puvl\/wp-json\/wp\/v2\/pages\/10\/revisions"}],"predecessor-version":[{"id":913,"href":"https:\/\/docsites.cgmlife.com\/puvl\/wp-json\/wp\/v2\/pages\/10\/revisions\/913"}],"wp:attachment":[{"href":"https:\/\/docsites.cgmlife.com\/puvl\/wp-json\/wp\/v2\/media?parent=10"}],"curies":[{"name":"wp","href":"https:\/\/api.w.org\/{rel}","templated":true}]}}