{"id":1003,"date":"2024-01-19T12:13:59","date_gmt":"2024-01-19T10:13:59","guid":{"rendered":"https:\/\/docsites.cgmlife.com\/puvl\/?page_id=1003"},"modified":"2024-01-22T09:41:38","modified_gmt":"2024-01-22T07:41:38","slug":"online-recepty-zpravy-a-konzultace","status":"publish","type":"page","link":"https:\/\/docsites.cgmlife.com\/puvl\/online-recepty-zpravy-a-konzultace\/","title":{"rendered":"Online recepty a konzultace"},"content":{"rendered":"\n<p>Pro otev\u0159en\u00ed v nov\u00e9m okn\u011b, klikn\u011bte zde: <a href=\"https:\/\/cz.cgmlife.com\/eServices\/embed.html?institution=013005945\" data-type=\"link\" data-id=\"https:\/\/cz.cgmlife.com\/eServices\/embed.html?institution=013005945\" target=\"_blank\" rel=\"noreferrer noopener\">Online objedn\u00e1n\u00ed recept\u016f a konzultace<\/a><\/p>\n\n\n\n<iframe loading=\"lazy\"  width=\"100%\"  height=\"800\"  frameborder=\"0\"  name=\"eServices\"  id=\"eServiceIFrame\" src=\"https:\/\/cz.cgmlife.com\/eServices\/embed.html?institution=013005945\"><\/iframe>\n","protected":false},"excerpt":{"rendered":"<p>Pro otev\u0159en\u00ed v nov\u00e9m okn\u011b, klikn\u011bte zde: Online objedn\u00e1n\u00ed recept\u016f a konzultace<\/p>\n","protected":false},"author":394,"featured_media":0,"parent":0,"menu_order":0,"comment_status":"closed","ping_status":"closed","template":"","meta":{"footnotes":""},"class_list":["post-1003","page","type-page","status-publish","hentry"],"_links":{"self":[{"href":"https:\/\/docsites.cgmlife.com\/puvl\/wp-json\/wp\/v2\/pages\/1003","targetHints":{"allow":["GET"]}}],"collection":[{"href":"https:\/\/docsites.cgmlife.com\/puvl\/wp-json\/wp\/v2\/pages"}],"about":[{"href":"https:\/\/docsites.cgmlife.com\/puvl\/wp-json\/wp\/v2\/types\/page"}],"author":[{"embeddable":true,"href":"https:\/\/docsites.cgmlife.com\/puvl\/wp-json\/wp\/v2\/users\/394"}],"replies":[{"embeddable":true,"href":"https:\/\/docsites.cgmlife.com\/puvl\/wp-json\/wp\/v2\/comments?post=1003"}],"version-history":[{"count":5,"href":"https:\/\/docsites.cgmlife.com\/puvl\/wp-json\/wp\/v2\/pages\/1003\/revisions"}],"predecessor-version":[{"id":1020,"href":"https:\/\/docsites.cgmlife.com\/puvl\/wp-json\/wp\/v2\/pages\/1003\/revisions\/1020"}],"wp:attachment":[{"href":"https:\/\/docsites.cgmlife.com\/puvl\/wp-json\/wp\/v2\/media?parent=1003"}],"curies":[{"name":"wp","href":"https:\/\/api.w.org\/{rel}","templated":true}]}}