{"id":1047,"date":"2024-06-27T10:19:27","date_gmt":"2024-06-27T08:19:27","guid":{"rendered":"https:\/\/docsites.cgmlife.com\/puvl\/?page_id=1047"},"modified":"2024-06-27T10:22:36","modified_gmt":"2024-06-27T08:22:36","slug":"dovolena","status":"publish","type":"page","link":"https:\/\/docsites.cgmlife.com\/puvl\/dovolena\/","title":{"rendered":"Dovolen\u00e1"},"content":{"rendered":"\n<p class=\"has-medium-font-size\"><strong><mark>DOVOLEN\u00c1<\/mark><\/strong><br><br><mark><strong>1.7. \u2013 12.7.2024<\/strong><\/mark><br><mark><strong>5.8. \u2013 16.8.2024<\/strong><\/mark><br><mark><br><strong>ZASTUPUJ\u00cdC\u00cd L\u00c9KA\u0158<\/strong>:\u00a0<\/mark><br><mark><strong>MUDr. Michaela Ma\u0159\u00edkov\u00e1<\/strong>,\u00a0<strong>Pra\u017esk\u00e1 1144, \u00davaly 250 82<\/strong>,\u00a0<\/mark><br><mark><strong>Telefon: +420 281 982 853<\/strong><\/mark><br><mark><br><strong>POUZE AKUTN\u00cd P\u0158\u00cdPADY!<\/strong><\/mark><\/p>\n","protected":false},"excerpt":{"rendered":"<p>DOVOLEN\u00c1 1.7. \u2013 12.7.20245.8. \u2013 16.8.2024ZASTUPUJ\u00cdC\u00cd L\u00c9KA\u0158:\u00a0MUDr. Michaela Ma\u0159\u00edkov\u00e1,\u00a0Pra\u017esk\u00e1 1144, \u00davaly 250 82,\u00a0Telefon: +420 281 982 853POUZE AKUTN\u00cd P\u0158\u00cdPADY!<\/p>\n","protected":false},"author":313,"featured_media":0,"parent":0,"menu_order":0,"comment_status":"closed","ping_status":"closed","template":"","meta":{"footnotes":""},"class_list":["post-1047","page","type-page","status-publish","hentry"],"_links":{"self":[{"href":"https:\/\/docsites.cgmlife.com\/puvl\/wp-json\/wp\/v2\/pages\/1047","targetHints":{"allow":["GET"]}}],"collection":[{"href":"https:\/\/docsites.cgmlife.com\/puvl\/wp-json\/wp\/v2\/pages"}],"about":[{"href":"https:\/\/docsites.cgmlife.com\/puvl\/wp-json\/wp\/v2\/types\/page"}],"author":[{"embeddable":true,"href":"https:\/\/docsites.cgmlife.com\/puvl\/wp-json\/wp\/v2\/users\/313"}],"replies":[{"embeddable":true,"href":"https:\/\/docsites.cgmlife.com\/puvl\/wp-json\/wp\/v2\/comments?post=1047"}],"version-history":[{"count":7,"href":"https:\/\/docsites.cgmlife.com\/puvl\/wp-json\/wp\/v2\/pages\/1047\/revisions"}],"predecessor-version":[{"id":1054,"href":"https:\/\/docsites.cgmlife.com\/puvl\/wp-json\/wp\/v2\/pages\/1047\/revisions\/1054"}],"wp:attachment":[{"href":"https:\/\/docsites.cgmlife.com\/puvl\/wp-json\/wp\/v2\/media?parent=1047"}],"curies":[{"name":"wp","href":"https:\/\/api.w.org\/{rel}","templated":true}]}}