{"id":999,"date":"2024-01-19T12:11:47","date_gmt":"2024-01-19T10:11:47","guid":{"rendered":"https:\/\/docsites.cgmlife.com\/puvl\/?page_id=999"},"modified":"2024-01-19T12:19:43","modified_gmt":"2024-01-19T10:19:43","slug":"online-objednavani","status":"publish","type":"page","link":"https:\/\/docsites.cgmlife.com\/puvl\/online-objednavani\/","title":{"rendered":"Online objedn\u00e1v\u00e1n\u00ed n\u00e1v\u0161t\u011bv"},"content":{"rendered":"\n<p>Pro otev\u0159en\u00ed v nov\u00e9m okn\u011b, klikn\u011bte zde: <a href=\"https:\/\/agenda.clickdoc.be\/short\/djVW1XqwzbJPbY4k\" data-type=\"link\" data-id=\"https:\/\/agenda.clickdoc.be\/short\/djVW1XqwzbJPbY4k\" target=\"_blank\" rel=\"noreferrer noopener\">Online objedn\u00e1v\u00e1n\u00ed n\u00e1v\u0161t\u011bv<\/a><\/p>\n\n\n\n<iframe loading=\"lazy\"  width=\"1100\"  height=\"1000\"  frameborder=\"0\"  name=\"ClickDoc\"  id=\"ClickDocIFrame\" src=\"https:\/\/agenda.clickdoc.be\/short\/djVW1XqwzbJPbY4k\"><\/iframe>\n","protected":false},"excerpt":{"rendered":"<p>Pro otev\u0159en\u00ed v nov\u00e9m okn\u011b, klikn\u011bte zde: Online objedn\u00e1v\u00e1n\u00ed n\u00e1v\u0161t\u011bv<\/p>\n","protected":false},"author":394,"featured_media":0,"parent":0,"menu_order":0,"comment_status":"closed","ping_status":"closed","template":"","meta":{"footnotes":""},"class_list":["post-999","page","type-page","status-publish","hentry"],"_links":{"self":[{"href":"https:\/\/docsites.cgmlife.com\/puvl\/wp-json\/wp\/v2\/pages\/999","targetHints":{"allow":["GET"]}}],"collection":[{"href":"https:\/\/docsites.cgmlife.com\/puvl\/wp-json\/wp\/v2\/pages"}],"about":[{"href":"https:\/\/docsites.cgmlife.com\/puvl\/wp-json\/wp\/v2\/types\/page"}],"author":[{"embeddable":true,"href":"https:\/\/docsites.cgmlife.com\/puvl\/wp-json\/wp\/v2\/users\/394"}],"replies":[{"embeddable":true,"href":"https:\/\/docsites.cgmlife.com\/puvl\/wp-json\/wp\/v2\/comments?post=999"}],"version-history":[{"count":5,"href":"https:\/\/docsites.cgmlife.com\/puvl\/wp-json\/wp\/v2\/pages\/999\/revisions"}],"predecessor-version":[{"id":1008,"href":"https:\/\/docsites.cgmlife.com\/puvl\/wp-json\/wp\/v2\/pages\/999\/revisions\/1008"}],"wp:attachment":[{"href":"https:\/\/docsites.cgmlife.com\/puvl\/wp-json\/wp\/v2\/media?parent=999"}],"curies":[{"name":"wp","href":"https:\/\/api.w.org\/{rel}","templated":true}]}}